{"id":22,"date":"2019-07-08T17:36:13","date_gmt":"2019-07-08T20:36:13","guid":{"rendered":"http:\/\/www.ugada.agronomia.uchile.cl\/?page_id=22"},"modified":"2019-08-05T16:45:00","modified_gmt":"2019-08-05T19:45:00","slug":"recursos","status":"publish","type":"page","link":"https:\/\/www.ugada.agronomia.uchile.cl\/index.php\/recursos\/","title":{"rendered":"Recursos"},"content":{"rendered":"<p>[et_pb_section fb_built=\u00bb1&#8243; admin_label=\u00bbCourse\u00bb _builder_version=\u00bb3.22.3&#8243; custom_margin=\u00bb-1px|||||\u00bb custom_padding=\u00bb||34px|||\u00bb custom_width_px__hover=\u00bb1080px\u00bb custom_width_px__hover_enabled=\u00bb1080px\u00bb custom_width_percent__hover=\u00bb80%\u00bb custom_width_percent__hover_enabled=\u00bb80%\u00bb gutter_width__hover=\u00bb3&#8243; gutter_width__hover_enabled=\u00bb3&#8243; parallax_1__hover=\u00bboff\u00bb parallax_1__hover_enabled=\u00bboff\u00bb parallax_2__hover=\u00bboff\u00bb parallax_2__hover_enabled=\u00bboff\u00bb parallax_3__hover=\u00bboff\u00bb parallax_3__hover_enabled=\u00bboff\u00bb parallax_method_1__hover=\u00bbon\u00bb parallax_method_1__hover_enabled=\u00bbon\u00bb parallax_method_2__hover=\u00bbon\u00bb parallax_method_2__hover_enabled=\u00bbon\u00bb parallax_method_3__hover=\u00bbon\u00bb parallax_method_3__hover_enabled=\u00bbon\u00bb use_background_color_gradient__hover=\u00bboff\u00bb use_background_color_gradient__hover_enabled=\u00bboff\u00bb background_color_gradient_start__hover=\u00bb#2b87da\u00bb background_color_gradient_start__hover_enabled=\u00bb#2b87da\u00bb background_color_gradient_end__hover=\u00bb#29c4a9&#8243; background_color_gradient_end__hover_enabled=\u00bb#29c4a9&#8243; background_color_gradient_type__hover=\u00bblinear\u00bb background_color_gradient_type__hover_enabled=\u00bblinear\u00bb background_color_gradient_direction__hover=\u00bb180deg\u00bb background_color_gradient_direction__hover_enabled=\u00bb180deg\u00bb background_color_gradient_direction_radial__hover=\u00bbcenter\u00bb background_color_gradient_direction_radial__hover_enabled=\u00bbcenter\u00bb background_color_gradient_start_position__hover=\u00bb0%\u00bb background_color_gradient_start_position__hover_enabled=\u00bb0%\u00bb background_color_gradient_end_position__hover=\u00bb100%\u00bb background_color_gradient_end_position__hover_enabled=\u00bb100%\u00bb background_color_gradient_overlays_image__hover=\u00bboff\u00bb background_color_gradient_overlays_image__hover_enabled=\u00bboff\u00bb parallax__hover=\u00bboff\u00bb parallax__hover_enabled=\u00bboff\u00bb parallax_method__hover=\u00bbon\u00bb parallax_method__hover_enabled=\u00bbon\u00bb background_size__hover=\u00bbcover\u00bb background_size__hover_enabled=\u00bbcover\u00bb background_position__hover=\u00bbcenter\u00bb background_position__hover_enabled=\u00bbcenter\u00bb background_repeat__hover=\u00bbno-repeat\u00bb background_repeat__hover_enabled=\u00bbno-repeat\u00bb background_blend__hover=\u00bbnormal\u00bb background_blend__hover_enabled=\u00bbnormal\u00bb allow_player_pause__hover=\u00bboff\u00bb allow_player_pause__hover_enabled=\u00bboff\u00bb background_video_pause_outside_viewport__hover=\u00bbon\u00bb background_video_pause_outside_viewport__hover_enabled=\u00bbon\u00bb inner_shadow__hover=\u00bboff\u00bb inner_shadow__hover_enabled=\u00bboff\u00bb make_fullwidth__hover=\u00bboff\u00bb make_fullwidth__hover_enabled=\u00bboff\u00bb use_custom_width__hover=\u00bboff\u00bb use_custom_width__hover_enabled=\u00bboff\u00bb width_unit__hover=\u00bbon\u00bb width_unit__hover_enabled=\u00bbon\u00bb make_equal__hover=\u00bboff\u00bb make_equal__hover_enabled=\u00bboff\u00bb use_custom_gutter__hover=\u00bboff\u00bb use_custom_gutter__hover_enabled=\u00bboff\u00bb border_radii__hover=\u00bbon||||\u00bb border_radii__hover_enabled=\u00bbon||||\u00bb box_shadow_style__hover=\u00bbnone\u00bb box_shadow_style__hover_enabled=\u00bbnone\u00bb box_shadow_color__hover=\u00bbrgba(0,0,0,0.3)\u00bb box_shadow_color__hover_enabled=\u00bbrgba(0,0,0,0.3)\u00bb max_width__hover=\u00bb100%\u00bb max_width__hover_enabled=\u00bb100%\u00bb filter_hue_rotate__hover=\u00bb0deg\u00bb filter_hue_rotate__hover_enabled=\u00bb0deg\u00bb filter_saturate__hover=\u00bb100%\u00bb filter_saturate__hover_enabled=\u00bb100%\u00bb filter_brightness__hover=\u00bb100%\u00bb filter_brightness__hover_enabled=\u00bb100%\u00bb filter_contrast__hover=\u00bb100%\u00bb filter_contrast__hover_enabled=\u00bb100%\u00bb filter_invert__hover=\u00bb0%\u00bb filter_invert__hover_enabled=\u00bb0%\u00bb filter_sepia__hover=\u00bb0%\u00bb filter_sepia__hover_enabled=\u00bb0%\u00bb filter_opacity__hover=\u00bb100%\u00bb filter_opacity__hover_enabled=\u00bb100%\u00bb filter_blur__hover=\u00bb0px\u00bb filter_blur__hover_enabled=\u00bb0px\u00bb mix_blend_mode__hover=\u00bbnormal\u00bb mix_blend_mode__hover_enabled=\u00bbnormal\u00bb animation_style__hover=\u00bbnone\u00bb animation_style__hover_enabled=\u00bbnone\u00bb animation_repeat__hover=\u00bbonce\u00bb animation_repeat__hover_enabled=\u00bbonce\u00bb animation_direction__hover=\u00bbcenter\u00bb animation_direction__hover_enabled=\u00bbcenter\u00bb animation_duration__hover=\u00bb1000ms\u00bb animation_duration__hover_enabled=\u00bb1000ms\u00bb animation_delay__hover=\u00bb0ms\u00bb animation_delay__hover_enabled=\u00bb0ms\u00bb animation_intensity_slide__hover=\u00bb50%\u00bb animation_intensity_slide__hover_enabled=\u00bb50%\u00bb animation_intensity_zoom__hover=\u00bb50%\u00bb animation_intensity_zoom__hover_enabled=\u00bb50%\u00bb animation_intensity_flip__hover=\u00bb50%\u00bb animation_intensity_flip__hover_enabled=\u00bb50%\u00bb animation_intensity_fold__hover=\u00bb50%\u00bb animation_intensity_fold__hover_enabled=\u00bb50%\u00bb animation_intensity_roll__hover=\u00bb50%\u00bb animation_intensity_roll__hover_enabled=\u00bb50%\u00bb animation_starting_opacity__hover=\u00bb0%\u00bb animation_starting_opacity__hover_enabled=\u00bb0%\u00bb animation_speed_curve__hover=\u00bbease-in-out\u00bb animation_speed_curve__hover_enabled=\u00bbease-in-out\u00bb hover_transition_duration__hover=\u00bb300ms\u00bb hover_transition_duration__hover_enabled=\u00bb300ms\u00bb hover_transition_delay__hover=\u00bb0ms\u00bb hover_transition_delay__hover_enabled=\u00bb0ms\u00bb hover_transition_speed_curve__hover=\u00bbease\u00bb hover_transition_speed_curve__hover_enabled=\u00bbease\u00bb][et_pb_row column_structure=\u00bb1_5,3_5,1_5&#8243; custom_padding=\u00bb||0px|||\u00bb custom_margin=\u00bb|auto|-4px|auto||\u00bb _builder_version=\u00bb3.25&#8243;][et_pb_column type=\u00bb1_5&#8243; _builder_version=\u00bb3.25&#8243; custom_padding=\u00bb|||\u00bb custom_padding__hover=\u00bb|||\u00bb][\/et_pb_column][et_pb_column type=\u00bb3_5&#8243; _builder_version=\u00bb3.25&#8243; custom_padding=\u00bb|||\u00bb custom_padding__hover=\u00bb|||\u00bb][et_pb_text _builder_version=\u00bb3.25.4&#8243; text_font=\u00bb||||||||\u00bb text_font_size=\u00bb16px\u00bb text_line_height=\u00bb1.8em\u00bb header_font=\u00bb|800||on|||||\u00bb header_letter_spacing=\u00bb1px\u00bb header_line_height=\u00bb1.6em\u00bb header_2_font=\u00bb|800||on|||||\u00bb header_2_font_size=\u00bb30px\u00bb header_2_letter_spacing=\u00bb1px\u00bb header_2_line_height=\u00bb1.6em\u00bb header_3_font=\u00bb|800||on|||||\u00bb header_3_font_size=\u00bb30px\u00bb header_3_letter_spacing=\u00bb1px\u00bb header_3_line_height=\u00bb1.6em\u00bb header_4_font=\u00bb|800||on|||||\u00bb header_4_font_size=\u00bb30px\u00bb header_4_letter_spacing=\u00bb1px\u00bb header_4_line_height=\u00bb1.6em\u00bb header_5_font=\u00bb|800||on|||||\u00bb header_5_font_size=\u00bb30px\u00bb header_5_letter_spacing=\u00bb1px\u00bb header_5_line_height=\u00bb1.6em\u00bb header_6_font=\u00bb|800||on|||||\u00bb header_6_font_size=\u00bb30px\u00bb header_6_letter_spacing=\u00bb1px\u00bb header_6_line_height=\u00bb1.6em\u00bb module_alignment=\u00bbcenter\u00bb custom_margin=\u00bb||15px\u00bb custom_padding=\u00bb||0px|||\u00bb animation_style=\u00bbslide\u00bb animation_direction=\u00bbright\u00bb animation_intensity_slide=\u00bb5%\u00bb header_font_size_phone=\u00bb20px\u00bb header_font_size_last_edited=\u00bbon|phone\u00bb header_2_font_size_phone=\u00bb20px\u00bb header_2_font_size_last_edited=\u00bbon|phone\u00bb header_3_font_size_phone=\u00bb20px\u00bb header_3_font_size_last_edited=\u00bbon|phone\u00bb header_4_font_size_phone=\u00bb20px\u00bb header_4_font_size_last_edited=\u00bbon|phone\u00bb header_5_font_size_phone=\u00bb20px\u00bb header_5_font_size_last_edited=\u00bbon|phone\u00bb header_6_font_size_phone=\u00bb20px\u00bb header_6_font_size_last_edited=\u00bbon|phone\u00bb text_font_size__hover=\u00bb14px\u00bb text_font_size__hover_enabled=\u00bb14px\u00bb text_letter_spacing__hover=\u00bb0px\u00bb text_letter_spacing__hover_enabled=\u00bb0px\u00bb text_line_height__hover=\u00bb1.7em\u00bb text_line_height__hover_enabled=\u00bb1.7em\u00bb text_text_shadow_style__hover=\u00bbnone\u00bb text_text_shadow_style__hover_enabled=\u00bbnone\u00bb text_text_shadow_color__hover=\u00bbrgba(0,0,0,0.4)\u00bb text_text_shadow_color__hover_enabled=\u00bbrgba(0,0,0,0.4)\u00bb link_font_size__hover=\u00bb14px\u00bb link_font_size__hover_enabled=\u00bb14px\u00bb link_letter_spacing__hover=\u00bb0px\u00bb link_letter_spacing__hover_enabled=\u00bb0px\u00bb link_line_height__hover=\u00bb1em\u00bb link_line_height__hover_enabled=\u00bb1em\u00bb link_text_shadow_style__hover=\u00bbnone\u00bb link_text_shadow_style__hover_enabled=\u00bbnone\u00bb link_text_shadow_color__hover=\u00bbrgba(0,0,0,0.4)\u00bb link_text_shadow_color__hover_enabled=\u00bbrgba(0,0,0,0.4)\u00bb ul_font_size__hover=\u00bb14px\u00bb ul_font_size__hover_enabled=\u00bb14px\u00bb ul_letter_spacing__hover=\u00bb0px\u00bb ul_letter_spacing__hover_enabled=\u00bb0px\u00bb ul_line_height__hover=\u00bb1em\u00bb ul_line_height__hover_enabled=\u00bb1em\u00bb ul_text_shadow_style__hover=\u00bbnone\u00bb ul_text_shadow_style__hover_enabled=\u00bbnone\u00bb ul_text_shadow_color__hover=\u00bbrgba(0,0,0,0.4)\u00bb ul_text_shadow_color__hover_enabled=\u00bbrgba(0,0,0,0.4)\u00bb ol_font_size__hover=\u00bb14px\u00bb ol_font_size__hover_enabled=\u00bb14px\u00bb ol_letter_spacing__hover=\u00bb0px\u00bb ol_letter_spacing__hover_enabled=\u00bb0px\u00bb ol_line_height__hover=\u00bb1em\u00bb ol_line_height__hover_enabled=\u00bb1em\u00bb ol_text_shadow_style__hover=\u00bbnone\u00bb ol_text_shadow_style__hover_enabled=\u00bbnone\u00bb ol_text_shadow_color__hover=\u00bbrgba(0,0,0,0.4)\u00bb ol_text_shadow_color__hover_enabled=\u00bbrgba(0,0,0,0.4)\u00bb quote_font_size__hover=\u00bb14px\u00bb quote_font_size__hover_enabled=\u00bb14px\u00bb quote_letter_spacing__hover=\u00bb0px\u00bb quote_letter_spacing__hover_enabled=\u00bb0px\u00bb quote_line_height__hover=\u00bb1em\u00bb quote_line_height__hover_enabled=\u00bb1em\u00bb quote_text_shadow_style__hover=\u00bbnone\u00bb quote_text_shadow_style__hover_enabled=\u00bbnone\u00bb quote_text_shadow_color__hover=\u00bbrgba(0,0,0,0.4)\u00bb quote_text_shadow_color__hover_enabled=\u00bbrgba(0,0,0,0.4)\u00bb text_orientation__hover=\u00bbleft\u00bb text_orientation__hover_enabled=\u00bbleft\u00bb background_layout__hover=\u00bblight\u00bb background_layout__hover_enabled=\u00bblight\u00bb header_2_font_size__hover=\u00bb26px\u00bb header_2_font_size__hover_enabled=\u00bb26px\u00bb header_2_letter_spacing__hover=\u00bb0px\u00bb header_2_letter_spacing__hover_enabled=\u00bb0px\u00bb header_2_line_height__hover=\u00bb1em\u00bb header_2_line_height__hover_enabled=\u00bb1em\u00bb header_2_text_shadow_style__hover=\u00bbnone\u00bb header_2_text_shadow_style__hover_enabled=\u00bbnone\u00bb header_2_text_shadow_color__hover=\u00bbrgba(0,0,0,0.4)\u00bb header_2_text_shadow_color__hover_enabled=\u00bbrgba(0,0,0,0.4)\u00bb]<\/p>\n<h4 style=\"text-align: center;\"><span style=\"color: rgba(0, 0, 0, 0.8);\">RECURSOS<\/span><\/h4>\n<p class=\"p1\" style=\"text-align: center;\">UGADA tiene a disposici\u00f3n de sus acad\u00e9micos libros, art\u00edculos y manuales muy interesantes en relaci\u00f3n a c\u00f3mo hacer buena docencia en Educaci\u00f3n Superior, ac\u00e1 podr\u00e1s encontrar algunos de ellos para descargar, adem\u00e1s de documentos recomendados y bibliograf\u00eda.<\/p>\n<p>[\/et_pb_text][\/et_pb_column][et_pb_column type=\u00bb1_5&#8243; _builder_version=\u00bb3.25&#8243; custom_padding=\u00bb|||\u00bb custom_padding__hover=\u00bb|||\u00bb][\/et_pb_column][\/et_pb_row][\/et_pb_section][et_pb_section fb_built=\u00bb1&#8243; admin_label=\u00bbServices\u00bb _builder_version=\u00bb3.22.3&#8243; custom_padding=\u00bb0px|||||\u00bb][et_pb_row column_structure=\u00bb1_2,1_2&#8243; use_custom_gutter=\u00bbon\u00bb gutter_width=\u00bb2&#8243; _builder_version=\u00bb3.25&#8243; min_height=\u00bb387px\u00bb][et_pb_column type=\u00bb1_2&#8243; _builder_version=\u00bb3.25&#8243; custom_padding=\u00bb|||\u00bb custom_padding__hover=\u00bb|||\u00bb][et_pb_blurb title=\u00bbDOCENCIA\u00bb url=\u00bbhttp:\/\/www.ugada.agronomia.uchile.cl\/index.php\/para-la-docencia\/\u00bb use_icon=\u00bbon\u00bb font_icon=\u00bb%%72%%\u00bb icon_color=\u00bb#ffffff\u00bb use_circle=\u00bbon\u00bb circle_color=\u00bb#39b449&#8243; use_icon_font_size=\u00bbon\u00bb icon_font_size=\u00bb62px\u00bb _builder_version=\u00bb3.25.4&#8243; header_font=\u00bb|700|||||||\u00bb header_font_size=\u00bb20px\u00bb header_line_height=\u00bb1.8em\u00bb body_font=\u00bb||||||||\u00bb body_line_height=\u00bb1.8em\u00bb background_color=\u00bb#ffffff\u00bb border_width_all=\u00bb1px\u00bb border_color_all=\u00bb#f4f4f4&#8243; border_width_bottom=\u00bb0px\u00bb box_shadow_style=\u00bbpreset2&#8243; box_shadow_horizontal=\u00bb0px\u00bb box_shadow_vertical=\u00bb35px\u00bb box_shadow_blur=\u00bb115px\u00bb box_shadow_spread=\u00bb-25px\u00bb box_shadow_color=\u00bbrgba(0,0,0,0.15)\u00bb text_orientation=\u00bbcenter\u00bb custom_margin=\u00bb||0px\u00bb custom_padding=\u00bb30px|20px|30px|20px|true|true\u00bb animation_style=\u00bbslide\u00bb animation_direction=\u00bbbottom\u00bb animation_intensity_slide=\u00bb5%\u00bb animation=\u00bboff\u00bb link_option_url=\u00bb#\u00bb box_shadow_color__hover_enabled=\u00bbon\u00bb box_shadow_color__hover=\u00bbrgba(0,0,0,0.3)\u00bb box_shadow_blur__hover_enabled=\u00bbon\u00bb box_shadow_blur__hover=\u00bb125px\u00bb box_shadow_vertical__hover=\u00bb35px\u00bb custom_margin__hover_enabled=\u00bbon\u00bb custom_margin__hover=\u00bb-5px||\u00bb][\/et_pb_blurb][\/et_pb_column][et_pb_column type=\u00bb1_2&#8243; _builder_version=\u00bb3.25&#8243; custom_padding=\u00bb|||\u00bb custom_padding__hover=\u00bb|||\u00bb][et_pb_blurb title=\u00bbDOCUMENTACI\u00d3N Y BIBLIOGRAF\u00cdA\u00bb url=\u00bbhttp:\/\/www.ugada.agronomia.uchile.cl\/index.php\/documentacion-y-bibliografia\/\u00bb use_icon=\u00bbon\u00bb font_icon=\u00bb%%127%%\u00bb icon_color=\u00bb#ffffff\u00bb use_circle=\u00bbon\u00bb circle_color=\u00bb#39b449&#8243; use_icon_font_size=\u00bbon\u00bb icon_font_size=\u00bb62px\u00bb _builder_version=\u00bb3.25.4&#8243; header_font=\u00bb|700|||||||\u00bb header_font_size=\u00bb20px\u00bb header_line_height=\u00bb1.8em\u00bb body_font=\u00bb||||||||\u00bb body_line_height=\u00bb1.8em\u00bb background_color=\u00bb#ffffff\u00bb border_width_all=\u00bb1px\u00bb border_color_all=\u00bb#f4f4f4&#8243; border_width_bottom=\u00bb0px\u00bb box_shadow_style=\u00bbpreset2&#8243; box_shadow_horizontal=\u00bb0px\u00bb box_shadow_vertical=\u00bb35px\u00bb box_shadow_blur=\u00bb115px\u00bb box_shadow_spread=\u00bb-25px\u00bb box_shadow_color=\u00bbrgba(0,0,0,0.15)\u00bb text_orientation=\u00bbcenter\u00bb custom_margin=\u00bb||0px\u00bb custom_padding=\u00bb30px|20px|30px|20px|true|true\u00bb animation_style=\u00bbslide\u00bb animation_direction=\u00bbbottom\u00bb animation_intensity_slide=\u00bb5%\u00bb animation=\u00bboff\u00bb link_option_url=\u00bb#\u00bb box_shadow_color__hover_enabled=\u00bbon\u00bb box_shadow_color__hover=\u00bbrgba(0,0,0,0.3)\u00bb box_shadow_blur__hover_enabled=\u00bbon\u00bb box_shadow_blur__hover=\u00bb125px\u00bb box_shadow_vertical__hover=\u00bb35px\u00bb custom_margin__hover_enabled=\u00bbon\u00bb custom_margin__hover=\u00bb-5px||\u00bb][\/et_pb_blurb][\/et_pb_column][\/et_pb_row][\/et_pb_section]<\/p>\n","protected":false},"excerpt":{"rendered":"<p>RECURSOS UGADA tiene a disposici\u00f3n de sus acad\u00e9micos libros, art\u00edculos y manuales muy interesantes en relaci\u00f3n a c\u00f3mo hacer buena docencia en Educaci\u00f3n Superior, ac\u00e1 podr\u00e1s encontrar algunos de ellos para descargar, adem\u00e1s de documentos recomendados y bibliograf\u00eda.<\/p>\n","protected":false},"author":5,"featured_media":0,"parent":0,"menu_order":0,"comment_status":"closed","ping_status":"closed","template":"","meta":{"_et_pb_use_builder":"on","_et_pb_old_content":"<!-- wp:divi\/placeholder \/-->","_et_gb_content_width":"","footnotes":""},"class_list":["post-22","page","type-page","status-publish","hentry"],"yoast_head":"<!-- This site is optimized with the Yoast SEO plugin v27.2 - https:\/\/yoast.com\/product\/yoast-seo-wordpress\/ -->\n<title>Recursos - Unidad de Gesti\u00f3n Acad\u00e9mica, Docente y Autoevaluaci\u00f3n<\/title>\n<meta name=\"robots\" content=\"index, follow, max-snippet:-1, max-image-preview:large, max-video-preview:-1\" \/>\n<link rel=\"canonical\" href=\"https:\/\/www.ugada.agronomia.uchile.cl\/index.php\/recursos\/\" \/>\n<meta property=\"og:locale\" content=\"es_ES\" \/>\n<meta property=\"og:type\" content=\"article\" \/>\n<meta property=\"og:title\" content=\"Recursos - Unidad de Gesti\u00f3n Acad\u00e9mica, Docente y Autoevaluaci\u00f3n\" \/>\n<meta property=\"og:description\" content=\"RECURSOS UGADA tiene a disposici\u00f3n de sus acad\u00e9micos libros, art\u00edculos y manuales muy interesantes en relaci\u00f3n a c\u00f3mo hacer buena docencia en Educaci\u00f3n Superior, ac\u00e1 podr\u00e1s encontrar algunos de ellos para descargar, adem\u00e1s de documentos recomendados y bibliograf\u00eda.\" \/>\n<meta property=\"og:url\" content=\"https:\/\/www.ugada.agronomia.uchile.cl\/index.php\/recursos\/\" \/>\n<meta property=\"og:site_name\" content=\"Unidad de Gesti\u00f3n Acad\u00e9mica, Docente y Autoevaluaci\u00f3n\" \/>\n<meta property=\"article:modified_time\" content=\"2019-08-05T19:45:00+00:00\" \/>\n<meta name=\"twitter:card\" content=\"summary_large_image\" \/>\n<meta name=\"twitter:label1\" content=\"Tiempo de lectura\" \/>\n\t<meta name=\"twitter:data1\" content=\"8 minutos\" \/>\n<script type=\"application\/ld+json\" class=\"yoast-schema-graph\">{\"@context\":\"https:\/\/schema.org\",\"@graph\":[{\"@type\":\"WebPage\",\"@id\":\"https:\/\/www.ugada.agronomia.uchile.cl\/index.php\/recursos\/\",\"url\":\"https:\/\/www.ugada.agronomia.uchile.cl\/index.php\/recursos\/\",\"name\":\"Recursos - Unidad de Gesti\u00f3n Acad\u00e9mica, Docente y Autoevaluaci\u00f3n\",\"isPartOf\":{\"@id\":\"https:\/\/www.ugada.agronomia.uchile.cl\/#website\"},\"datePublished\":\"2019-07-08T20:36:13+00:00\",\"dateModified\":\"2019-08-05T19:45:00+00:00\",\"breadcrumb\":{\"@id\":\"https:\/\/www.ugada.agronomia.uchile.cl\/index.php\/recursos\/#breadcrumb\"},\"inLanguage\":\"es\",\"potentialAction\":[{\"@type\":\"ReadAction\",\"target\":[\"https:\/\/www.ugada.agronomia.uchile.cl\/index.php\/recursos\/\"]}]},{\"@type\":\"BreadcrumbList\",\"@id\":\"https:\/\/www.ugada.agronomia.uchile.cl\/index.php\/recursos\/#breadcrumb\",\"itemListElement\":[{\"@type\":\"ListItem\",\"position\":1,\"name\":\"Portada\",\"item\":\"https:\/\/www.ugada.agronomia.uchile.cl\/\"},{\"@type\":\"ListItem\",\"position\":2,\"name\":\"Recursos\"}]},{\"@type\":\"WebSite\",\"@id\":\"https:\/\/www.ugada.agronomia.uchile.cl\/#website\",\"url\":\"https:\/\/www.ugada.agronomia.uchile.cl\/\",\"name\":\"Unidad de Gesti\u00f3n Acad\u00e9mica, Docente y Autoevaluaci\u00f3n\",\"description\":\"\",\"potentialAction\":[{\"@type\":\"SearchAction\",\"target\":{\"@type\":\"EntryPoint\",\"urlTemplate\":\"https:\/\/www.ugada.agronomia.uchile.cl\/?s={search_term_string}\"},\"query-input\":{\"@type\":\"PropertyValueSpecification\",\"valueRequired\":true,\"valueName\":\"search_term_string\"}}],\"inLanguage\":\"es\"}]}<\/script>\n<!-- \/ Yoast SEO plugin. -->","yoast_head_json":{"title":"Recursos - Unidad de Gesti\u00f3n Acad\u00e9mica, Docente y Autoevaluaci\u00f3n","robots":{"index":"index","follow":"follow","max-snippet":"max-snippet:-1","max-image-preview":"max-image-preview:large","max-video-preview":"max-video-preview:-1"},"canonical":"https:\/\/www.ugada.agronomia.uchile.cl\/index.php\/recursos\/","og_locale":"es_ES","og_type":"article","og_title":"Recursos - Unidad de Gesti\u00f3n Acad\u00e9mica, Docente y Autoevaluaci\u00f3n","og_description":"RECURSOS UGADA tiene a disposici\u00f3n de sus acad\u00e9micos libros, art\u00edculos y manuales muy interesantes en relaci\u00f3n a c\u00f3mo hacer buena docencia en Educaci\u00f3n Superior, ac\u00e1 podr\u00e1s encontrar algunos de ellos para descargar, adem\u00e1s de documentos recomendados y bibliograf\u00eda.","og_url":"https:\/\/www.ugada.agronomia.uchile.cl\/index.php\/recursos\/","og_site_name":"Unidad de Gesti\u00f3n Acad\u00e9mica, Docente y Autoevaluaci\u00f3n","article_modified_time":"2019-08-05T19:45:00+00:00","twitter_card":"summary_large_image","twitter_misc":{"Tiempo de lectura":"8 minutos"},"schema":{"@context":"https:\/\/schema.org","@graph":[{"@type":"WebPage","@id":"https:\/\/www.ugada.agronomia.uchile.cl\/index.php\/recursos\/","url":"https:\/\/www.ugada.agronomia.uchile.cl\/index.php\/recursos\/","name":"Recursos - Unidad de Gesti\u00f3n Acad\u00e9mica, Docente y Autoevaluaci\u00f3n","isPartOf":{"@id":"https:\/\/www.ugada.agronomia.uchile.cl\/#website"},"datePublished":"2019-07-08T20:36:13+00:00","dateModified":"2019-08-05T19:45:00+00:00","breadcrumb":{"@id":"https:\/\/www.ugada.agronomia.uchile.cl\/index.php\/recursos\/#breadcrumb"},"inLanguage":"es","potentialAction":[{"@type":"ReadAction","target":["https:\/\/www.ugada.agronomia.uchile.cl\/index.php\/recursos\/"]}]},{"@type":"BreadcrumbList","@id":"https:\/\/www.ugada.agronomia.uchile.cl\/index.php\/recursos\/#breadcrumb","itemListElement":[{"@type":"ListItem","position":1,"name":"Portada","item":"https:\/\/www.ugada.agronomia.uchile.cl\/"},{"@type":"ListItem","position":2,"name":"Recursos"}]},{"@type":"WebSite","@id":"https:\/\/www.ugada.agronomia.uchile.cl\/#website","url":"https:\/\/www.ugada.agronomia.uchile.cl\/","name":"Unidad de Gesti\u00f3n Acad\u00e9mica, Docente y Autoevaluaci\u00f3n","description":"","potentialAction":[{"@type":"SearchAction","target":{"@type":"EntryPoint","urlTemplate":"https:\/\/www.ugada.agronomia.uchile.cl\/?s={search_term_string}"},"query-input":{"@type":"PropertyValueSpecification","valueRequired":true,"valueName":"search_term_string"}}],"inLanguage":"es"}]}},"_links":{"self":[{"href":"https:\/\/www.ugada.agronomia.uchile.cl\/index.php\/wp-json\/wp\/v2\/pages\/22","targetHints":{"allow":["GET"]}}],"collection":[{"href":"https:\/\/www.ugada.agronomia.uchile.cl\/index.php\/wp-json\/wp\/v2\/pages"}],"about":[{"href":"https:\/\/www.ugada.agronomia.uchile.cl\/index.php\/wp-json\/wp\/v2\/types\/page"}],"author":[{"embeddable":true,"href":"https:\/\/www.ugada.agronomia.uchile.cl\/index.php\/wp-json\/wp\/v2\/users\/5"}],"replies":[{"embeddable":true,"href":"https:\/\/www.ugada.agronomia.uchile.cl\/index.php\/wp-json\/wp\/v2\/comments?post=22"}],"version-history":[{"count":11,"href":"https:\/\/www.ugada.agronomia.uchile.cl\/index.php\/wp-json\/wp\/v2\/pages\/22\/revisions"}],"predecessor-version":[{"id":546,"href":"https:\/\/www.ugada.agronomia.uchile.cl\/index.php\/wp-json\/wp\/v2\/pages\/22\/revisions\/546"}],"wp:attachment":[{"href":"https:\/\/www.ugada.agronomia.uchile.cl\/index.php\/wp-json\/wp\/v2\/media?parent=22"}],"curies":[{"name":"wp","href":"https:\/\/api.w.org\/{rel}","templated":true}]}}