{"id":26,"date":"2019-07-08T17:36:39","date_gmt":"2019-07-08T20:36:39","guid":{"rendered":"http:\/\/www.ugada.agronomia.uchile.cl\/?page_id=26"},"modified":"2019-08-05T16:37:51","modified_gmt":"2019-08-05T19:37:51","slug":"actividades","status":"publish","type":"page","link":"https:\/\/www.ugada.agronomia.uchile.cl\/index.php\/actividades\/","title":{"rendered":"Actividades"},"content":{"rendered":"<p>[et_pb_section fb_built=\u00bb1&#8243; admin_label=\u00bbBlog\u00bb _builder_version=\u00bb3.25.4&#8243;][et_pb_row column_structure=\u00bb3_4,1_4&#8243; _builder_version=\u00bb3.25&#8243; background_size=\u00bbinitial\u00bb background_position=\u00bbtop_left\u00bb background_repeat=\u00bbrepeat\u00bb][et_pb_column type=\u00bb3_4&#8243; _builder_version=\u00bb3.25&#8243; custom_padding=\u00bb|||\u00bb custom_padding__hover=\u00bb|||\u00bb][et_pb_blog fullwidth=\u00bboff\u00bb include_categories=\u00bb7&#8243; show_author=\u00bboff\u00bb show_categories=\u00bboff\u00bb _builder_version=\u00bb3.25.4&#8243; header_font=\u00bbMontserrat|600|||||||\u00bb header_text_color=\u00bb#39b449&#8243; header_line_height=\u00bb1.3em\u00bb body_font_size=\u00bb16px\u00bb body_line_height=\u00bb1.9em\u00bb meta_text_color=\u00bbrgba(0,0,0,0.3)\u00bb meta_font_size=\u00bb16px\u00bb text_orientation=\u00bbleft\u00bb animation_style=\u00bbfold\u00bb animation_direction=\u00bbbottom\u00bb animation_intensity_fold=\u00bb1%\u00bb border_radii=\u00bbon|1px|1px|1px|1px\u00bb][\/et_pb_blog][\/et_pb_column][et_pb_column type=\u00bb1_4&#8243; _builder_version=\u00bb3.25&#8243; custom_padding=\u00bb|||\u00bb custom_padding__hover=\u00bb|||\u00bb][et_pb_sidebar _builder_version=\u00bb3.25.4&#8243; header_font=\u00bb||||||||\u00bb header_text_align=\u00bbcenter\u00bb body_font=\u00bb||||||||\u00bb body_text_align=\u00bbcenter\u00bb][\/et_pb_sidebar][\/et_pb_column][\/et_pb_row][\/et_pb_section]<\/p>\n","protected":false},"excerpt":{"rendered":"","protected":false},"author":5,"featured_media":0,"parent":0,"menu_order":0,"comment_status":"closed","ping_status":"closed","template":"","meta":{"_et_pb_use_builder":"on","_et_pb_old_content":"<!-- wp:divi\/placeholder \/-->","_et_gb_content_width":"","footnotes":""},"class_list":["post-26","page","type-page","status-publish","hentry"],"yoast_head":"<!-- This site is optimized with the Yoast SEO plugin v27.2 - https:\/\/yoast.com\/product\/yoast-seo-wordpress\/ -->\n<title>Actividades - Unidad de Gesti\u00f3n Acad\u00e9mica, Docente y Autoevaluaci\u00f3n<\/title>\n<meta name=\"robots\" content=\"index, follow, max-snippet:-1, max-image-preview:large, max-video-preview:-1\" \/>\n<link rel=\"canonical\" href=\"https:\/\/www.ugada.agronomia.uchile.cl\/index.php\/actividades\/\" \/>\n<meta property=\"og:locale\" content=\"es_ES\" \/>\n<meta property=\"og:type\" content=\"article\" \/>\n<meta property=\"og:title\" content=\"Actividades - Unidad de Gesti\u00f3n Acad\u00e9mica, Docente y Autoevaluaci\u00f3n\" \/>\n<meta property=\"og:url\" content=\"https:\/\/www.ugada.agronomia.uchile.cl\/index.php\/actividades\/\" \/>\n<meta property=\"og:site_name\" content=\"Unidad de Gesti\u00f3n Acad\u00e9mica, Docente y Autoevaluaci\u00f3n\" \/>\n<meta property=\"article:modified_time\" content=\"2019-08-05T19:37:51+00:00\" \/>\n<meta name=\"twitter:card\" content=\"summary_large_image\" \/>\n<meta name=\"twitter:label1\" content=\"Tiempo de lectura\" \/>\n\t<meta name=\"twitter:data1\" content=\"1 minuto\" \/>\n<script type=\"application\/ld+json\" class=\"yoast-schema-graph\">{\"@context\":\"https:\/\/schema.org\",\"@graph\":[{\"@type\":\"WebPage\",\"@id\":\"https:\/\/www.ugada.agronomia.uchile.cl\/index.php\/actividades\/\",\"url\":\"https:\/\/www.ugada.agronomia.uchile.cl\/index.php\/actividades\/\",\"name\":\"Actividades - Unidad de Gesti\u00f3n Acad\u00e9mica, Docente y Autoevaluaci\u00f3n\",\"isPartOf\":{\"@id\":\"https:\/\/www.ugada.agronomia.uchile.cl\/#website\"},\"datePublished\":\"2019-07-08T20:36:39+00:00\",\"dateModified\":\"2019-08-05T19:37:51+00:00\",\"breadcrumb\":{\"@id\":\"https:\/\/www.ugada.agronomia.uchile.cl\/index.php\/actividades\/#breadcrumb\"},\"inLanguage\":\"es\",\"potentialAction\":[{\"@type\":\"ReadAction\",\"target\":[\"https:\/\/www.ugada.agronomia.uchile.cl\/index.php\/actividades\/\"]}]},{\"@type\":\"BreadcrumbList\",\"@id\":\"https:\/\/www.ugada.agronomia.uchile.cl\/index.php\/actividades\/#breadcrumb\",\"itemListElement\":[{\"@type\":\"ListItem\",\"position\":1,\"name\":\"Portada\",\"item\":\"https:\/\/www.ugada.agronomia.uchile.cl\/\"},{\"@type\":\"ListItem\",\"position\":2,\"name\":\"Actividades\"}]},{\"@type\":\"WebSite\",\"@id\":\"https:\/\/www.ugada.agronomia.uchile.cl\/#website\",\"url\":\"https:\/\/www.ugada.agronomia.uchile.cl\/\",\"name\":\"Unidad de Gesti\u00f3n Acad\u00e9mica, Docente y Autoevaluaci\u00f3n\",\"description\":\"\",\"potentialAction\":[{\"@type\":\"SearchAction\",\"target\":{\"@type\":\"EntryPoint\",\"urlTemplate\":\"https:\/\/www.ugada.agronomia.uchile.cl\/?s={search_term_string}\"},\"query-input\":{\"@type\":\"PropertyValueSpecification\",\"valueRequired\":true,\"valueName\":\"search_term_string\"}}],\"inLanguage\":\"es\"}]}<\/script>\n<!-- \/ Yoast SEO plugin. -->","yoast_head_json":{"title":"Actividades - Unidad de Gesti\u00f3n Acad\u00e9mica, Docente y Autoevaluaci\u00f3n","robots":{"index":"index","follow":"follow","max-snippet":"max-snippet:-1","max-image-preview":"max-image-preview:large","max-video-preview":"max-video-preview:-1"},"canonical":"https:\/\/www.ugada.agronomia.uchile.cl\/index.php\/actividades\/","og_locale":"es_ES","og_type":"article","og_title":"Actividades - Unidad de Gesti\u00f3n Acad\u00e9mica, Docente y Autoevaluaci\u00f3n","og_url":"https:\/\/www.ugada.agronomia.uchile.cl\/index.php\/actividades\/","og_site_name":"Unidad de Gesti\u00f3n Acad\u00e9mica, Docente y Autoevaluaci\u00f3n","article_modified_time":"2019-08-05T19:37:51+00:00","twitter_card":"summary_large_image","twitter_misc":{"Tiempo de lectura":"1 minuto"},"schema":{"@context":"https:\/\/schema.org","@graph":[{"@type":"WebPage","@id":"https:\/\/www.ugada.agronomia.uchile.cl\/index.php\/actividades\/","url":"https:\/\/www.ugada.agronomia.uchile.cl\/index.php\/actividades\/","name":"Actividades - Unidad de Gesti\u00f3n Acad\u00e9mica, Docente y Autoevaluaci\u00f3n","isPartOf":{"@id":"https:\/\/www.ugada.agronomia.uchile.cl\/#website"},"datePublished":"2019-07-08T20:36:39+00:00","dateModified":"2019-08-05T19:37:51+00:00","breadcrumb":{"@id":"https:\/\/www.ugada.agronomia.uchile.cl\/index.php\/actividades\/#breadcrumb"},"inLanguage":"es","potentialAction":[{"@type":"ReadAction","target":["https:\/\/www.ugada.agronomia.uchile.cl\/index.php\/actividades\/"]}]},{"@type":"BreadcrumbList","@id":"https:\/\/www.ugada.agronomia.uchile.cl\/index.php\/actividades\/#breadcrumb","itemListElement":[{"@type":"ListItem","position":1,"name":"Portada","item":"https:\/\/www.ugada.agronomia.uchile.cl\/"},{"@type":"ListItem","position":2,"name":"Actividades"}]},{"@type":"WebSite","@id":"https:\/\/www.ugada.agronomia.uchile.cl\/#website","url":"https:\/\/www.ugada.agronomia.uchile.cl\/","name":"Unidad de Gesti\u00f3n Acad\u00e9mica, Docente y Autoevaluaci\u00f3n","description":"","potentialAction":[{"@type":"SearchAction","target":{"@type":"EntryPoint","urlTemplate":"https:\/\/www.ugada.agronomia.uchile.cl\/?s={search_term_string}"},"query-input":{"@type":"PropertyValueSpecification","valueRequired":true,"valueName":"search_term_string"}}],"inLanguage":"es"}]}},"_links":{"self":[{"href":"https:\/\/www.ugada.agronomia.uchile.cl\/index.php\/wp-json\/wp\/v2\/pages\/26","targetHints":{"allow":["GET"]}}],"collection":[{"href":"https:\/\/www.ugada.agronomia.uchile.cl\/index.php\/wp-json\/wp\/v2\/pages"}],"about":[{"href":"https:\/\/www.ugada.agronomia.uchile.cl\/index.php\/wp-json\/wp\/v2\/types\/page"}],"author":[{"embeddable":true,"href":"https:\/\/www.ugada.agronomia.uchile.cl\/index.php\/wp-json\/wp\/v2\/users\/5"}],"replies":[{"embeddable":true,"href":"https:\/\/www.ugada.agronomia.uchile.cl\/index.php\/wp-json\/wp\/v2\/comments?post=26"}],"version-history":[{"count":11,"href":"https:\/\/www.ugada.agronomia.uchile.cl\/index.php\/wp-json\/wp\/v2\/pages\/26\/revisions"}],"predecessor-version":[{"id":544,"href":"https:\/\/www.ugada.agronomia.uchile.cl\/index.php\/wp-json\/wp\/v2\/pages\/26\/revisions\/544"}],"wp:attachment":[{"href":"https:\/\/www.ugada.agronomia.uchile.cl\/index.php\/wp-json\/wp\/v2\/media?parent=26"}],"curies":[{"name":"wp","href":"https:\/\/api.w.org\/{rel}","templated":true}]}}